{"id":257,"date":"2026-01-25T22:16:44","date_gmt":"2026-01-25T21:16:44","guid":{"rendered":"https:\/\/sanitechtorun.pl\/?post_type=product&#038;p=257"},"modified":"2026-01-25T22:16:44","modified_gmt":"2026-01-25T21:16:44","slug":"przydomowa-oczyszczalnia-biologiczna-rotoset-5h","status":"publish","type":"product","link":"https:\/\/sanitechtorun.pl\/index.php\/produkt\/przydomowa-oczyszczalnia-biologiczna-rotoset-5h\/","title":{"rendered":"Przydomowa oczyszczalnia biologiczna RotoSET 5H"},"content":{"rendered":"<p><img decoding=\"async\" loading=\"lazy\" class=\"alignnone size-medium wp-image-256\" src=\"http:\/\/sanitechtorun.pl\/wp-content\/uploads\/2026\/01\/ROTO-MALE-POZIOM_PRZEKROJ_WIDOK-Z-PRAWEJ-1-scaled-1-300x225.jpg\" alt=\"\" width=\"300\" height=\"225\" srcset=\"https:\/\/sanitechtorun.pl\/wp-content\/uploads\/2026\/01\/ROTO-MALE-POZIOM_PRZEKROJ_WIDOK-Z-PRAWEJ-1-scaled-1-300x225.jpg 300w, https:\/\/sanitechtorun.pl\/wp-content\/uploads\/2026\/01\/ROTO-MALE-POZIOM_PRZEKROJ_WIDOK-Z-PRAWEJ-1-scaled-1-1024x768.jpg 1024w, https:\/\/sanitechtorun.pl\/wp-content\/uploads\/2026\/01\/ROTO-MALE-POZIOM_PRZEKROJ_WIDOK-Z-PRAWEJ-1-scaled-1-768x576.jpg 768w, https:\/\/sanitechtorun.pl\/wp-content\/uploads\/2026\/01\/ROTO-MALE-POZIOM_PRZEKROJ_WIDOK-Z-PRAWEJ-1-scaled-1-1536x1152.jpg 1536w, https:\/\/sanitechtorun.pl\/wp-content\/uploads\/2026\/01\/ROTO-MALE-POZIOM_PRZEKROJ_WIDOK-Z-PRAWEJ-1-scaled-1-2048x1536.jpg 2048w, https:\/\/sanitechtorun.pl\/wp-content\/uploads\/2026\/01\/ROTO-MALE-POZIOM_PRZEKROJ_WIDOK-Z-PRAWEJ-1-scaled-1-1440x1080.jpg 1440w, https:\/\/sanitechtorun.pl\/wp-content\/uploads\/2026\/01\/ROTO-MALE-POZIOM_PRZEKROJ_WIDOK-Z-PRAWEJ-1-scaled-1-600x450.jpg 600w\" sizes=\"(max-width: 300px) 100vw, 300px\" \/><\/p>\n<p>Oczyszczalnia \u015bciek\u00f3w RotoSET pracuje w wysokosprawnej technologii RBC obrotowych z\u0142\u00f3\u017c biologicznych bez mechanicznego napowietrzania. Rozwi\u0105zanie charakteryzuje wysoka skuteczno\u015b\u0107, niespotykana wygoda u\u017cytkowania oraz niskie koszty eksploatacji.<\/p>\n","protected":false},"excerpt":{"rendered":"<p>Biologiczna oczyszczalnia \u015bciek\u00f3w RotoSET w innowacyjnej technologii obrotowych z\u0142\u00f3\u017c biologicznych o wydajno\u015bci 5RLM, 750l\/d<\/p>\n","protected":false},"featured_media":0,"comment_status":"open","ping_status":"closed","template":"","meta":[],"_links":{"self":[{"href":"https:\/\/sanitechtorun.pl\/index.php\/wp-json\/wp\/v2\/product\/257"}],"collection":[{"href":"https:\/\/sanitechtorun.pl\/index.php\/wp-json\/wp\/v2\/product"}],"about":[{"href":"https:\/\/sanitechtorun.pl\/index.php\/wp-json\/wp\/v2\/types\/product"}],"replies":[{"embeddable":true,"href":"https:\/\/sanitechtorun.pl\/index.php\/wp-json\/wp\/v2\/comments?post=257"}],"wp:attachment":[{"href":"https:\/\/sanitechtorun.pl\/index.php\/wp-json\/wp\/v2\/media?parent=257"}],"curies":[{"name":"wp","href":"https:\/\/api.w.org\/{rel}","templated":true}]}}