{"id":65,"date":"2019-01-25T01:01:45","date_gmt":"2019-01-25T00:01:45","guid":{"rendered":"http:\/\/sanitechtorun.pl\/index.php\/mesmerize\/"},"modified":"2026-01-25T21:31:37","modified_gmt":"2026-01-25T20:31:37","slug":"mesmerize","status":"publish","type":"page","link":"https:\/\/sanitechtorun.pl\/","title":{"rendered":"Front Page"},"content":{"rendered":"<div  id=\"overlappable-4\" class=\"overlappable-4 content-section content-section-spacing\" style=\"background-color: #ffffff;\" data-overlap=\"true\" data-id=\"overlappable-4\" data-label=\"Overlappable\" data-export-id=\"overlappable-4\" data-category=\"overlappable\">\n<div  class=\"gridContainer\">\n<div  class=\"row spaced-cols text-center\" data-type=\"row\">\n<div  class=\"col-xs-12 col-sm-4 col-padding\"><i  class=\"fa icon fa-clone large shadow-large-black round aligncenter reverse color1\"><\/i>\n<div  data-type=\"column\" class=\"\">\n<h5  class=\"\">Oczyszczalnie dla ka\u017cdego<\/h5>\nProdukujemy oczyszczalnie dla dom\u00f3w jednorodzinnych, wielorodzinnych, hoteli, pensjonat\u00f3w, firm i instytucji.\n\n<\/div>\n<\/div>\n<div  class=\"col-xs-12 col-sm-4 col-padding\"><i  class=\"fa icon fa-cogs large shadow-large-black round aligncenter reverse color1\"><\/i>\n<div  data-type=\"column\" class=\"\">\n<h5  class=\"\">Nowoczesne technologie<\/h5>\nNasze oczyszczalnie s\u0105 stale modyfikowane i unowocze\u015bniane w celu osiagni\u0119cia jak najwy\u017cszych parametr\u00f3w. Dodatkowo wprowadzamy systemy energooszcz\u0119dne.\n\n<\/div>\n<\/div>\n<div  class=\"col-xs-12 col-sm-4 col-padding\"><i  class=\"fa icon fa-magic large shadow-large-black round aligncenter reverse color1\"><\/i>\n<div  data-type=\"column\" class=\"\">\n<h5  class=\"\">Indywidualne projekty<\/h5>\nProjektujemy i budujemy oczyszczalnie pod indywidualne projekty.\n\n<\/div>\n<\/div>\n<\/div>\n<\/div>\n<\/div><div  id=\"about-1\" class=\"about-1 content-section\" style=\"background-color: #f5fafd;\" data-id=\"about-1\" data-label=\"About\" data-export-id=\"about-1\" data-category=\"about\">\n<div  class=\"gridContainer\">\n<div  class=\"row text-center\">\n<div  class=\"section-title-col\" data-type=\"column\">\n<h5  class=\"\">Oczyszczalnie sciek\u00f3w<\/h5>\n<h2  class=\"\">Oczyszczalnie sciek\u00f3w dla wymagaj\u0105cych<\/h2>\n<p  class=\"lead\">Nasze oczyszczalnie spe\u0142niaj\u0105 najwy\u017csze wymagania \u015brodowiskowe. Posiadamy certyfikaty potwierdzajace skuteczno\u015b\u0107 naszych rozwiaza\u0144.<\/p>\n\n<\/div>\n<\/div>\n<div  class=\"row\">\n<div  class=\"button-holder space-bottom space-bottom-small\" data-type=\"column\"><a class=\"button color1\" href=\"#\" target=\"_self\" data-cp-link=\"1\" rel=\"noopener noreferrer\">ZACZYNAMY<\/a><\/div>\n<div  class=\"col-xs bottom-xs flexbox image-group-bottom-3-img space-bottom-xs center-xs\"><img decoding=\"async\"  class=\"left-img shadow-large-black\" src=\"http:\/\/sanitechtorun.pl\/wp-content\/uploads\/2023\/02\/cropped-monoblock-small.jpg\" data-size=\"500x300\" alt=\"\" title=\"cropped-monoblock-small.jpg\"> <img decoding=\"async\"  class=\"center-img shadow-large-black\" src=\"http:\/\/sanitechtorun.pl\/wp-content\/uploads\/2017\/02\/cropped-clearfox-nature-kleinklaera-1.png\" data-size=\"500x300\" alt=\"\" title=\"cropped-clearfox-nature-kleinklaera-1.png\"> <img decoding=\"async\"  class=\"right-img shadow-large-black\" src=\"http:\/\/sanitechtorun.pl\/wp-content\/uploads\/2023\/02\/cropped-one2clean-small.jpg\" data-size=\"500x300\" alt=\"\" title=\"cropped-one2clean-small.jpg\"><\/div>\n<\/div>\n<\/div>\n<\/div><div  id=\"features-3\" class=\"features-12-card-bordered content-section content-section-spacing \" style=\"background-color: #ffffff;\" data-id=\"features-12-card-bordered\" data-label=\"Features\" data-export-id=\"features-12-card-bordered\" data-category=\"features\">\n<div  class=\"gridContainer\">\n<div  class=\"row text-center\">\n<div  class=\"section-title-col\" data-type=\"column\">\n<h2  class=\"\">Sprzeda\u017c, monta\u017c, serwis biologicznych oczyszczalni \u015bciek\u00f3w<\/h2>\n<p  class=\"lead\"><\/p>\n\n<\/div>\n<\/div>\n<div  class=\"row spaced-cols\" data-type=\"row\">\n<div  class=\"col-sm-6\">\n<div  class=\"card row-card bordered y-move\">\n<div  class=\"row\">\n<div  class=\"col-sm-fit icon-column\"><\/div>\n<div  class=\"col-sm\" data-type=\"column\">\n<h5  class=\"color2\">Klienci indywidualni<\/h5>\nDocieramy bezpo\u015brednio do naszych klient\u00f3w lub przed sie\u0107 autoryzowanych instalator\u00f3w. Oferujemy doradztwo, monta\u017c i p\u00f3\u017aniejszy serwis wszystkich naszych urz\u0105dze\u0144.\n\n<\/div>\n<\/div>\n<\/div>\n<\/div>\n<div  class=\"col-sm-6\">\n<div  class=\"card row-card bordered y-move\">\n<div  class=\"row\">\n<div  class=\"col-sm-fit icon-column\"><\/div>\n<div  class=\"col-sm\" data-type=\"column\">\n<h5  class=\"color2\">Firmy<\/h5>\nOferujemy projekty techniczne, najwy\u017cszej jako\u015bci urzadzenia oraz wsparcie techniczne.\n\n<\/div>\n<\/div>\n<\/div>\n<\/div>\n<div  class=\"col-sm-6\">\n<div  class=\"card row-card bordered y-move\">\n<div  class=\"row\">\n<div  class=\"col-sm-fit icon-column\"><\/div>\n<div  class=\"col-sm\" data-type=\"column\">\n<h5  class=\"color2\">Hurtownie<\/h5>\nJeste\u015bmy producentem biologicznych oczyszczalni \u015bciek\u00f3w w technologii SBR. Oferujemy naszym dystrybutorom atrakcyjne warunki wsp\u00f3\u0142pracy.\n\n<\/div>\n<\/div>\n<\/div>\n<\/div>\n<div  class=\"col-sm-6\">\n<div  class=\"card row-card bordered y-move\">\n<div  class=\"row\">\n<div  class=\"col-sm-fit icon-column\"><\/div>\n<div  class=\"col-sm\" data-type=\"column\">\n<h5  class=\"color2\">Projektanci<\/h5>\nDysponujemy szeroka gama gotowych projekt\u00f3w dla projektant\u00f3w i wsparcie techniczne i projektowe na ka\u017cdym etapie budowy.\n\n<\/div>\n<\/div>\n<\/div>\n<\/div>\n<\/div>\n<\/div>\n<\/div><div  id=\"content-13\" class=\"content-2 content-section content-section-spacing\" style=\"background-color: #f5fafd;\" data-id=\"content-2\" data-label=\"Content\" data-export-id=\"content-2\" data-category=\"content\">\n<div >\n<div  class=\"row middle-xs\">\n<div  class=\"col-sm-5 bg-image shadow-large-black\" data-bg=\"image\" style=\"background-image: url(&quot;http:\/\/sanitechtorun.pl\/wp-content\/uploads\/2022\/02\/cropped-Fann.jpg&quot;);\"><\/div>\n<div  class=\"col-sm-7 full-col-left-padding full-col-right-padding\">\n<div  class=\"row\">\n<div  class=\"space-bottom-small content-title-col\" data-type=\"column\">\n<h5  class=\"\">Przygotowania do realizacji projektu<\/h5>\n\nKa\u017cdy projekt jest realizowany indywidualnie dla naszych klient\u00f3w. Zaczynamy od podstaw\n\n<\/div>\n<\/div>\n<div  class=\"row spaced-cols \" data-type=\"row\">\n<div  class=\"col-xs-6\" data-type=\"column\">\n<h5  class=\"\">Spotkanie<\/h5>\nOkrelesnie oczekiwa\u0144 i wymaga\u0144 rozwi\u0105zania.\n\n<\/div>\n<div  class=\"col-xs-6\" data-type=\"column\">\n<h5  class=\"\">Wizyta w terenie<\/h5>\nAnaliza mo\u017cliwoci technicznych realkizacji. Pomiary\n\n<\/div>\n<div  class=\"col-xs-6\" data-type=\"column\">\n<h5  class=\"\">Przygotowanie oferty<\/h5>\nDob\u00f3r rozwi\u0105za\u0144 technologicznych.\n\n<\/div>\n<div  class=\"col-xs-6\" data-type=\"column\">\n<h5  class=\"\">Finansowanie<\/h5>\nOkreslenie sposobu i mo\u017cliwosci finansowania inwestycji.\n\n<\/div>\n<\/div>\n<\/div>\n<\/div>\n<\/div>\n<\/div><div  id=\"content-14\" class=\"content-3 content-section content-section-spacing\" style=\"background-color: #ffffff;\" data-id=\"content-3\" data-label=\"Content\" data-export-id=\"content-3\" data-category=\"content\">\n<div >\n<div  class=\"row middle-xs\">\n<div  class=\"col-sm-7 full-col-left-padding full-col-right-padding\">\n<div  class=\"row\">\n<div  class=\"space-bottom-small content-title-col\" data-type=\"column\">\n<h5  class=\"\">Realizacja projektu<\/h5>\n\nNa tym etapie nast\u0119puje realizacja projektu.\n\n<\/div>\n<\/div>\n<div  class=\"row spaced-cols\" data-type=\"row\">\n<div  class=\"col-xs-6\" data-type=\"column\">\n<h5  class=\"\">Projektowanie<\/h5>\nPrzygotowanie wszelkich niezb\u0119dnych pozwole\u0144.\n\n<\/div>\n<div  class=\"col-xs-6\" data-type=\"column\">\n<h5  class=\"\">Realizacja inwestycji<\/h5>\nBudowa oczyszczalni zgodnie z wczesniejszymi ustaleniami\n\n<\/div>\n<div  class=\"col-xs-6\" data-type=\"column\">\n<h5  class=\"\">Uruchomienie<\/h5>\nStart wszystkich urz\u0105dze\u0144 i weryfikacja pracy. Regulacje\n\n<\/div>\n<div  class=\"col-xs-6\" data-type=\"column\">\n<h5  class=\"\">Szkolenia z eksploatacji<\/h5>\nOm\u00f3wienie wszelkich czynnosci serwisowych eksploatacyjnych\n\n<\/div>\n<\/div>\n<\/div>\n<div  class=\"col-sm-5 bg-image shadow-large-black revert-classes-holder\" data-bg=\"image\" style=\"background-image: url(&quot;http:\/\/sanitechtorun.pl\/wp-content\/uploads\/2022\/02\/cropped-Owcz.jpg&quot;);\"><\/div>\n<\/div>\n<\/div>\n<\/div><div  id=\"portfolio-3\" class=\"portfolio-4 content-section content-section-spacing-top\" style=\"background-color: #f5fafd;\" data-id=\"portfolio-4\" data-label=\"Portfolio\" data-export-id=\"portfolio-4\" data-category=\"portfolio\">\n<div >\n<div  class=\"row text-center\">\n<div  class=\"section-title-col\" data-type=\"column\">\n<h2  class=\"\">Nasze realizacje<\/h2>\n<p  class=\"lead\">Przyk\u0142ady budowy oczyszczalni \u015bciek\u00f3w.<\/p>\n\n<\/div>\n<\/div>\n<div  class=\"row\" data-type=\"row\" data-fixed=\"true\">\n<div  class=\"col-xs-12 col-sm-3 no-gutter-col\">\n<div  class=\"contentswap-effect\" data-hover-fx=\"portfolio-4\">\n<div  class=\"initial-image\"><img decoding=\"async\"  src=\"http:\/\/sanitechtorun.pl\/wp-content\/uploads\/2019\/01\/cropped-WP_20170308_12_57_12_Pro-1.jpg\" data-size=\"542x360\"><\/div>\n<div  class=\"overlay bg-color1\"><\/div>\n<div  class=\"swap-inner col-xs-12\">\n<div  class=\"row full-height-row middle-xs middle-sm\">\n<div  class=\"col-xs-12 text-center content-holder\"><\/div>\n<\/div>\n<\/div>\n<\/div>\n<\/div>\n<div  class=\"col-xs-12 col-sm-3 no-gutter-col\">\n<div  class=\"contentswap-effect\" data-hover-fx=\"portfolio-4\">\n<div  class=\"initial-image\"><img decoding=\"async\"  src=\"http:\/\/sanitechtorun.pl\/wp-content\/uploads\/2023\/02\/cropped-20211108_100955.jpg\" data-size=\"542x360\"><\/div>\n<div  class=\"overlay bg-color1\"><\/div>\n<div  class=\"swap-inner col-xs-12\">\n<div  class=\"row full-height-row middle-xs middle-sm\">\n<div  class=\"col-xs-12 text-center content-holder\"><\/div>\n<\/div>\n<\/div>\n<\/div>\n<\/div>\n<div  class=\"col-xs-12 col-sm-3 no-gutter-col\">\n<div  class=\"contentswap-effect\" data-hover-fx=\"portfolio-4\">\n<div  class=\"initial-image\"><img decoding=\"async\"  src=\"http:\/\/sanitechtorun.pl\/wp-content\/uploads\/2023\/03\/cropped-20200625_143522-e1679602781345.jpg\" data-size=\"542x360\"><\/div>\n<div  class=\"overlay bg-color1\"><\/div>\n<div  class=\"swap-inner col-xs-12\">\n<div  class=\"row full-height-row middle-xs middle-sm\">\n<div  class=\"col-xs-12 text-center content-holder\"><\/div>\n<\/div>\n<\/div>\n<\/div>\n<\/div>\n<div  class=\"col-xs-12 col-sm-3 no-gutter-col\">\n<div  class=\"contentswap-effect\" data-hover-fx=\"portfolio-4\">\n<div  class=\"initial-image\"><img decoding=\"async\"  src=\"http:\/\/sanitechtorun.pl\/wp-content\/uploads\/2023\/03\/cropped-20220222_093441.jpg\" data-size=\"542x360\"><\/div>\n<div  class=\"overlay bg-color1\"><\/div>\n<div  class=\"swap-inner col-xs-12\">\n<div  class=\"row full-height-row middle-xs middle-sm\">\n<div  class=\"col-xs-12 text-center content-holder\"><\/div>\n<\/div>\n<\/div>\n<\/div>\n<\/div>\n<div  class=\"col-xs-12 col-sm-3 no-gutter-col\">\n<div  class=\"contentswap-effect\" data-hover-fx=\"portfolio-4\">\n<div  class=\"initial-image\"><img decoding=\"async\"  src=\"http:\/\/sanitechtorun.pl\/wp-content\/uploads\/2023\/03\/cropped-IMG-20180526-WA0013.jpg\" data-size=\"542x360\"><\/div>\n<div  class=\"overlay bg-color1\"><\/div>\n<div  class=\"swap-inner col-xs-12\">\n<div  class=\"row full-height-row middle-xs middle-sm\">\n<div  class=\"col-xs-12 text-center content-holder\"><\/div>\n<\/div>\n<\/div>\n<\/div>\n<\/div>\n<div  class=\"col-xs-12 col-sm-3 no-gutter-col\">\n<div  class=\"contentswap-effect\" data-hover-fx=\"portfolio-4\">\n<div  class=\"initial-image\"><img decoding=\"async\"  src=\"http:\/\/sanitechtorun.pl\/wp-content\/uploads\/2023\/03\/cropped-IMG-20180413-WA0008.jpg\" data-size=\"542x360\"><\/div>\n<div  class=\"overlay bg-color1\"><\/div>\n<div  class=\"swap-inner col-xs-12\">\n<div  class=\"row full-height-row middle-xs middle-sm\">\n<div  class=\"col-xs-12 text-center content-holder\"><\/div>\n<\/div>\n<\/div>\n<\/div>\n<\/div>\n<div  class=\"col-xs-12 col-sm-3 no-gutter-col\">\n<div  class=\"contentswap-effect\" data-hover-fx=\"portfolio-4\">\n<div  class=\"initial-image\"><img decoding=\"async\"  src=\"http:\/\/sanitechtorun.pl\/wp-content\/uploads\/2023\/03\/cropped-IMG-20180613-WA0000.jpg\" data-size=\"542x360\"><\/div>\n<div  class=\"overlay bg-color1\"><\/div>\n<div  class=\"swap-inner col-xs-12\">\n<div  class=\"row full-height-row middle-xs middle-sm\">\n<div  class=\"col-xs-12 text-center content-holder\"><\/div>\n<\/div>\n<\/div>\n<\/div>\n<\/div>\n<div  class=\"col-xs-12 col-sm-3 no-gutter-col\">\n<div  class=\"contentswap-effect\" data-hover-fx=\"portfolio-4\">\n<div  class=\"initial-image\"><img decoding=\"async\"  src=\"http:\/\/sanitechtorun.pl\/wp-content\/uploads\/2023\/03\/cropped-IMG-20180702-WA0119.jpg\" data-size=\"542x360\"><\/div>\n<div  class=\"overlay bg-color1\"><\/div>\n<div  class=\"swap-inner col-xs-12\">\n<div  class=\"row full-height-row middle-xs middle-sm\">\n<div  class=\"col-xs-12 text-center content-holder\"><\/div>\n<\/div>\n<\/div>\n<\/div>\n<\/div>\n<\/div>\n<\/div>\n<\/div><div  id=\"cta-1\" class=\"cta-blue-section content-section content-section-spacing-medium bg-color1 white-text\" data-id=\"cta-blue-section\" data-label=\"Cta\" data-export-id=\"cta-blue-section\" data-category=\"cta\">\n<div  class=\"gridContainer\">\n<div  class=\"row middle-xs\">\n<div  class=\"col-sm-8 space-bottom-xs\" data-type=\"column\">\n<h2  class=\"\">Wypr\u00f3buj nas zajmie Ci to tylko chwil\u0119<\/h2>\n<\/div>\n<div  class=\"col-sm-4 end-sm\" data-type=\"column\"><a class=\"button color2\" href=\"#\" target=\"_self\" data-cp-link=\"1\" rel=\"noopener noreferrer\">Zaczynamy<\/a><\/div>\n<\/div>\n<\/div>\n<\/div><div  id=\"team-2\" class=\"team-2 content-section content-section-spacing\" style=\"background-color: #ffffff;\" data-id=\"team-2\" data-label=\"Team\" data-export-id=\"team-2\" data-category=\"team\">\n<div  class=\"gridContainer\">\n<div  class=\"row text-center\">\n<div  class=\"section-title-col\" data-type=\"column\">\n<h2  class=\"\">Nasz zesp\u00f3\u0142<\/h2>\n<p  class=\"lead\">W naszej firmie pracuj\u0105 wieloletni do\u015bwiadczeni specjali\u015bci. Je\u015bli potrzebuj\u0105 Pa\u0144stwo pomocy prosz\u0119 o kontakt z wybran\u0105 osoba.<\/p>\n\n<\/div>\n<\/div>\n<div  class=\"row spaced-cols content-center-sm\" data-type=\"row\">\n<div  class=\"col-sm-6 col-md-3\">\n<div  class=\"card y-move no-padding bordered\"><img decoding=\"async\"  class=\"face\" src=\"http:\/\/sanitechtorun.pl\/wp-content\/uploads\/2023\/03\/cropped-team4.jpg\" alt=\"\" title=\"cropped-team4.jpg\">\n<div  class=\"col-padding-small col-padding-small-xs description-container\" data-type=\"column\">\n<h4  class=\"font-500\">Wioletta<\/h4>\n<p  class=\"small\" style=\"font-style: italic;\">Dzia\u0142 obs\u0142ugi klienta<\/p>\n\n<div  class=\"social-icons-group\" data-type=\"group\"><\/div>\n<p  class=\"lead\">tel. 791676099<\/p><\/div>\n<\/div>\n<\/div>\n<div  class=\"col-sm-6 col-md-3\">\n<div  class=\"card y-move no-padding bordered\"><img decoding=\"async\"  class=\"face\" src=\"http:\/\/sanitechtorun.pl\/wp-content\/plugins\/mesmerize-companion\/theme-data\/mesmerize\/sections\/images\/team-2.jpg\">\n<div  class=\"col-padding-small col-padding-small-xs description-container\" data-type=\"column\">\n<h4  class=\"font-500\">Micha\u0142<\/h4>\n<p  class=\"small\" style=\"font-style: italic;\">Kierownik produkcji<\/p>\n\n<div  class=\"social-icons-group\" data-type=\"group\"><\/div>\n<\/div>\n<\/div>\n<\/div>\n\n<div  class=\"col-sm-6 col-md-3\">\n<div  class=\"card y-move no-padding bordered\"><img decoding=\"async\"  class=\"face\" src=\"http:\/\/sanitechtorun.pl\/wp-content\/uploads\/2026\/01\/team3.jpg\" alt=\"\" title=\"team3\">\n<div  class=\"col-padding-small col-padding-small-xs description-container\" data-type=\"column\">\n<h4  class=\"font-500\">Wiktor<\/h4>\n<p  class=\"small\" style=\"font-style: italic;\">Doradztwo klienta<\/p>\n\n<div  class=\"social-icons-group\" data-type=\"group\"><\/div>\n<p  class=\"\"><span  style=\"color: rgb(60, 66, 79); font-size: 19.2px;\">tel. 791676090<\/span><\/p><\/div>\n<\/div>\n<\/div>\n\n<\/div>\n<\/div>\n<\/div><div  id=\"latest-news-1\" class=\"blog-section blog-section-standard content-section content-section-spacing\" style=\"background-color: #f5fafd;\" data-id=\"blog-section\" data-label=\"Latest-news\" data-export-id=\"blog-section\" data-category=\"latest_news\">\n<div  class=\"gridContainer\">\n<div  class=\"row\">\n<div  class=\"section-title-col\" data-type=\"column\">\n\n<img decoding=\"async\"  class=\"custom-image\" title=\"cropped-WP_20160801_034.jpg\" src=\"http:\/\/sanitechtorun.pl\/wp-content\/uploads\/2019\/01\/cropped-WP_20160801_034.jpg\" alt=\"\"><img decoding=\"async\"  class=\"custom-image\" title=\"cropped-WP_20170308_12_57_12_Pro.jpg\" src=\"http:\/\/sanitechtorun.pl\/wp-content\/uploads\/2019\/01\/cropped-WP_20170308_12_57_12_Pro.jpg\" alt=\"\">\n\n<\/div>\n<\/div>\n<div  class=\"row\">\n<div  data-type=\"row\" data-content-shortcode=\"mesmerize_latest_news\" data-dynamic-columns=\"handled\">        <div class=\"row center-sm content-left-sm\">\n                    <div id=\"post-1\" class=\"col-sm-6 col-md-4 space-bottom space-bottom-xs\">\n                <div class=\"post-content card y-move bordered\">\n                        <div class=\"post-thumbnail\">\n        <a href=\"https:\/\/sanitechtorun.pl\/index.php\/2017\/02\/07\/oczyszczalnia-dla-hotelu\/\" class=\"post-list-item-thumb \">\n                            \n                                    <svg class=\"mesmerize-post-list-item-thumb-placeholder\" width=\"890\" height=\"580\" viewBox=\"0 0 890 580\" preserveAspectRatio=\"none\">\n                        <rect width=\"890\" height=\"580\" style=\"fill:#FF9800;\"><\/rect>\n                    <\/svg>\n                                    <\/a>\n    <\/div>\n                        <div class=\"col-padding col-padding-xs\">\n                        <h3 class=\"post-title space-bottom-small\">\n                            <a href=\"https:\/\/sanitechtorun.pl\/index.php\/2017\/02\/07\/oczyszczalnia-dla-hotelu\/\" rel=\"bookmark\">\n                                Oczyszczalnia \u015bciek\u00f3w dla hotelu                            <\/a>\n                        <\/h3>\n                                                <a class=\"read-more link\" href=\"https:\/\/sanitechtorun.pl\/index.php\/2017\/02\/07\/oczyszczalnia-dla-hotelu\/\">\n                            Read more                        <\/a>\n                    <\/div>\n                <\/div>\n            <\/div>\n            <\/div>\n    <\/div>\n<\/div>\n<div  class=\"row\">\n<div  class=\"text-center\"><a class=\"button color1\" href=\"https:\/\/sanitechtorun.pl\/index.php\/blog\/\" target=\"_self\" data-attr-shortcode=\"href:mesmerize_blog_link\" rel=\"noopener noreferrer\">zobacz wi\u0119cej<\/a><\/div>\n<\/div>\n<\/div>\n<\/div><div  id=\"contact-1\" class=\"contact-1 content-section content-section-spacing white-text\" data-parallax-depth=\"20\" data-id=\"contact-1\" data-label=\"Contact\" data-export-id=\"contact-1\" data-category=\"contact\" style=\"background-image: url(&quot;http:\/\/sanitechtorun.pl\/wp-content\/uploads\/2017\/02\/936_fresh-green-grass.jpg&quot;); background-size: cover; background-position: center top;\">\n<div  class=\"\">\n<div  class=\"row text-center\">\n<div  class=\"section-title-col\" data-type=\"column\">\n<h2  class=\"\">Kontakt<\/h2>\n<h1  class=\"\">tel. 791676090<\/h1><h1  class=\"\">Toru\u0144, ul. W\u0142oc\u0142awska 167<\/h1><\/div>\n<\/div>\n<div  class=\"row text-center\">\n<div  class=\"col-xs-12 col-sm-8 col-sm-offset-2 contact-form-wrapper inline-info\">\n<div  class=\"card large-padding\">\n<div  data-content-shortcode=\"mesmerize_contact_form shortcode=&quot;Toru\u0144, ul. W\u0142oc\u0142awska 167, tel . 791 676 090&quot;\" data-editable=\"true\">[Toru\u0144, ul. W\u0142oc\u0142awska 167, tel . 791 676 090]<\/div>\n<\/div>\n<\/div>\n<\/div>\n<\/div>\n<\/div>","protected":false},"excerpt":{"rendered":"<p>Oczyszczalnie dla ka\u017cdego Produkujemy oczyszczalnie dla dom\u00f3w jednorodzinnych, wielorodzinnych, hoteli, pensjonat\u00f3w, firm i instytucji. Nowoczesne technologie Nasze oczyszczalnie s\u0105 stale modyfikowane i unowocze\u015bniane w celu osiagni\u0119cia jak najwy\u017cszych parametr\u00f3w. Dodatkowo wprowadzamy systemy energooszcz\u0119dne. Indywidualne projekty Projektujemy i budujemy oczyszczalnie pod indywidualne projekty. Oczyszczalnie sciek\u00f3w Oczyszczalnie sciek\u00f3w dla wymagaj\u0105cych Nasze oczyszczalnie spe\u0142niaj\u0105 najwy\u017csze wymagania \u015brodowiskowe. Posiadamy&hellip; <br \/> <a class=\"read-more\" href=\"https:\/\/sanitechtorun.pl\/index.php\/2017\/02\/07\/oczyszczalnia-dla-hotelu\/\">Przeczytaj wi\u0119cej<\/a><\/p>\n","protected":false},"author":1,"featured_media":0,"parent":0,"menu_order":0,"comment_status":"closed","ping_status":"closed","template":"page-templates\/homepage.php","meta":[],"_links":{"self":[{"href":"https:\/\/sanitechtorun.pl\/index.php\/wp-json\/wp\/v2\/pages\/65"}],"collection":[{"href":"https:\/\/sanitechtorun.pl\/index.php\/wp-json\/wp\/v2\/pages"}],"about":[{"href":"https:\/\/sanitechtorun.pl\/index.php\/wp-json\/wp\/v2\/types\/page"}],"author":[{"embeddable":true,"href":"https:\/\/sanitechtorun.pl\/index.php\/wp-json\/wp\/v2\/users\/1"}],"replies":[{"embeddable":true,"href":"https:\/\/sanitechtorun.pl\/index.php\/wp-json\/wp\/v2\/comments?post=65"}],"version-history":[{"count":36,"href":"https:\/\/sanitechtorun.pl\/index.php\/wp-json\/wp\/v2\/pages\/65\/revisions"}],"predecessor-version":[{"id":254,"href":"https:\/\/sanitechtorun.pl\/index.php\/wp-json\/wp\/v2\/pages\/65\/revisions\/254"}],"wp:attachment":[{"href":"https:\/\/sanitechtorun.pl\/index.php\/wp-json\/wp\/v2\/media?parent=65"}],"curies":[{"name":"wp","href":"https:\/\/api.w.org\/{rel}","templated":true}]}}