{"id":35,"date":"2017-02-09T20:49:54","date_gmt":"2017-02-09T19:49:54","guid":{"rendered":"http:\/\/sanitechtorun.pl\/?page_id=35"},"modified":"2023-03-23T22:10:54","modified_gmt":"2023-03-23T21:10:54","slug":"kontakt","status":"publish","type":"page","link":"https:\/\/sanitechtorun.pl\/index.php\/kontakt\/","title":{"rendered":"Kontakt"},"content":{"rendered":"<p><img decoding=\"async\" loading=\"lazy\" class=\"alignnone size-medium wp-image-202\" src=\"http:\/\/sanitechtorun.pl\/wp-content\/uploads\/2023\/02\/cropped-logo-Sanitech-1-300x111.png\" alt=\"\" width=\"300\" height=\"111\" srcset=\"https:\/\/sanitechtorun.pl\/wp-content\/uploads\/2023\/02\/cropped-logo-Sanitech-1-300x111.png 300w, https:\/\/sanitechtorun.pl\/wp-content\/uploads\/2023\/02\/cropped-logo-Sanitech-1.png 437w\" sizes=\"(max-width: 300px) 100vw, 300px\" \/><\/p>\n<p>Sanitech Toru\u0144.<\/p>\n<p>ul. W\u0142oc\u0142awska 167<\/p>\n<p>87-100 Toru\u0144<\/p>\n<p>Tel. 791676090<\/p>\n<p>e-mail: biuro@sanitechtorun.pl<\/p>\n","protected":false},"excerpt":{"rendered":"<p>Sanitech Toru\u0144. ul. W\u0142oc\u0142awska 167 87-100 Toru\u0144 Tel. 791676090 e-mail: biuro@sanitechtorun.pl<\/p>\n","protected":false},"author":1,"featured_media":0,"parent":0,"menu_order":0,"comment_status":"closed","ping_status":"closed","template":"template-full-width.php","meta":[],"_links":{"self":[{"href":"https:\/\/sanitechtorun.pl\/index.php\/wp-json\/wp\/v2\/pages\/35"}],"collection":[{"href":"https:\/\/sanitechtorun.pl\/index.php\/wp-json\/wp\/v2\/pages"}],"about":[{"href":"https:\/\/sanitechtorun.pl\/index.php\/wp-json\/wp\/v2\/types\/page"}],"author":[{"embeddable":true,"href":"https:\/\/sanitechtorun.pl\/index.php\/wp-json\/wp\/v2\/users\/1"}],"replies":[{"embeddable":true,"href":"https:\/\/sanitechtorun.pl\/index.php\/wp-json\/wp\/v2\/comments?post=35"}],"version-history":[{"count":5,"href":"https:\/\/sanitechtorun.pl\/index.php\/wp-json\/wp\/v2\/pages\/35\/revisions"}],"predecessor-version":[{"id":244,"href":"https:\/\/sanitechtorun.pl\/index.php\/wp-json\/wp\/v2\/pages\/35\/revisions\/244"}],"wp:attachment":[{"href":"https:\/\/sanitechtorun.pl\/index.php\/wp-json\/wp\/v2\/media?parent=35"}],"curies":[{"name":"wp","href":"https:\/\/api.w.org\/{rel}","templated":true}]}}